{"id":2594,"date":"2024-10-23T07:00:43","date_gmt":"2024-10-23T07:00:43","guid":{"rendered":"https:\/\/www.kranjcictruffles.com\/proizvod\/tartufon-halbfester-kuhmilchkaese-mit-schwarzem-trueffel\/"},"modified":"2024-12-05T13:50:02","modified_gmt":"2024-12-05T13:50:02","slug":"tartufon-halbfester-kuhmilchkaese-mit-schwarzem-trueffel","status":"publish","type":"product","link":"https:\/\/www.kranjcictruffles.com\/de\/produkt\/tartufon-halbfester-kuhmilchkaese-mit-schwarzem-trueffel\/","title":{"rendered":"Tartufon \u2013  halbharter Kuhmilchk\u00e4se mit Tr\u00fcffeln"},"content":{"rendered":"<p style=\"text-align: center;\">Die Qualit\u00e4t unseres K\u00e4ses ist in Kroatien und dar\u00fcber hinaus anerkannt. Wir sind stolz darauf, dass der Tartufon im Jahr<strong> 2024<\/strong> vom ber\u00fchmten <strong>International Taste Institute<\/strong> aus Br\u00fcssel mit dem angesehenen internationalen Preis der weltbesten K\u00f6che und Sommeliers aus den besten Restaurants mit Michelin-Sternen ausgezeichnet wurde. Jedes Jahr wird der Superior Taste Award f\u00fcr das beste Produkt in jeder Kategorie verliehen.<\/p>\n<p style=\"text-align: center;\"><strong>Der Superior Taste Award<\/strong> ist ein prestigetr\u00e4chtiges Zertifikat f\u00fcr hervorragende Leistungen mit zwei goldenen Sternen.<\/p>\n<p><img fetchpriority=\"high\" decoding=\"async\" class=\"wp-image-1991 aligncenter\" src=\"https:\/\/www.kranjcictruffles.com\/wp-content\/uploads\/2024\/10\/Tartufon-Certificate-2024-1024x724.jpg\" alt=\"\" width=\"600\" height=\"424\" srcset=\"https:\/\/www.kranjcictruffles.com\/wp-content\/uploads\/2024\/10\/Tartufon-Certificate-2024-1024x724.jpg 1024w, https:\/\/www.kranjcictruffles.com\/wp-content\/uploads\/2024\/10\/Tartufon-Certificate-2024-2048x1447.jpg 2048w, https:\/\/www.kranjcictruffles.com\/wp-content\/uploads\/2024\/10\/Tartufon-Certificate-2024-768x543.jpg 768w, https:\/\/www.kranjcictruffles.com\/wp-content\/uploads\/2024\/10\/Tartufon-Certificate-2024-1536x1086.jpg 1536w, https:\/\/www.kranjcictruffles.com\/wp-content\/uploads\/2024\/10\/Tartufon-Certificate-2024-1200x848.jpg 1200w\" sizes=\"(max-width: 600px) 100vw, 600px\" \/><img decoding=\"async\" class=\"wp-image-1967 aligncenter\" src=\"https:\/\/www.kranjcictruffles.com\/wp-content\/uploads\/2024\/10\/en-600x600.png\" alt=\"\" width=\"200\" height=\"200\" srcset=\"https:\/\/www.kranjcictruffles.com\/wp-content\/uploads\/2024\/10\/en-600x600.png 600w, https:\/\/www.kranjcictruffles.com\/wp-content\/uploads\/2024\/10\/en-1024x1024.png 1024w, https:\/\/www.kranjcictruffles.com\/wp-content\/uploads\/2024\/10\/en-768x768.png 768w, https:\/\/www.kranjcictruffles.com\/wp-content\/uploads\/2024\/10\/en-1200x1200.png 1200w, https:\/\/www.kranjcictruffles.com\/wp-content\/uploads\/2024\/10\/en-300x300.png 300w, https:\/\/www.kranjcictruffles.com\/wp-content\/uploads\/2024\/10\/en-800x800.png 800w, https:\/\/www.kranjcictruffles.com\/wp-content\/uploads\/2024\/10\/en.png 1230w\" sizes=\"(max-width: 200px) 100vw, 200px\" \/><\/p>\n<p style=\"text-align: center;\"><em><a href=\"https:\/\/www.taste-institute.com\/en\/awarded-products\/product-details\/7227424397\" target=\"_blank\" rel=\"noopener\">Link zum International Taste Institute &#8211; Kranj\u010di\u0107 Tartufi<\/a><\/em><\/p>\n","protected":false},"excerpt":{"rendered":"<p>Halbharter Kuhmilchk\u00e4se mit Tr\u00fcffeln, mit mindestens 45 % Milchfett in der Trockenmasse<\/p>\n<p>Enth\u00e4lt <strong>4 %<\/strong> schwarz geschnittene Sommertr\u00fcffel. Geschaffen f\u00fcr alle K\u00e4se- und Tr\u00fcffelliebhaber.<\/p>\n<p>Hergestellt nach einem hausgemachten Familienrezept mit sorgf\u00e4ltig ausgew\u00e4hlten Zutaten von h\u00f6chster Qualit\u00e4t. Er hat einen besonderen Geruch und Geschmack und eignet sich hervorragend als kalte Vorspeise oder als Beilage zu Gerichten. Er kann gerieben zu verschiedenen Nudelgerichten, Gnocchi, Risotto oder Frittata mit Tr\u00fcffeln hinzugef\u00fcgt werden.<\/p>\n<p><strong>Zutaten:<\/strong> pasteurisierte Kuhmilch, schwarzer Sommertr\u00fcffel 4%, Milchkulturen, Lab, Salz, H\u00e4rter: Kalziumchlorid, Konservierungsmittel: Lysozym (Eiprotein) Die Kruste ist nicht essbar.<\/p>\n<p>Durchschnittliche N\u00e4hrwerte pro 100 g: Energie 1561 kJ \/ 380 kcal, Fett 31 g, davon ges\u00e4ttigt 20,00 g, Kohlenhydrate 0,00 g, davon Zucker 0,00 g, Eiwei\u00df 24,34 g, Salz 1,51 g<\/p>\n<p>Lagerung bei +4 \u00b0C bis +8 \u00b0C<\/p>\n","protected":false},"featured_media":2603,"template":"","meta":{"slim_seo":[]},"product_cat":[89],"product_tag":[],"class_list":{"0":"post-2594","1":"product","2":"type-product","3":"status-publish","4":"has-post-thumbnail","6":"product_cat-wurst-und-kase","8":"first","9":"instock","10":"shipping-taxable","11":"purchasable","12":"product-type-variable"},"_links":{"self":[{"href":"https:\/\/www.kranjcictruffles.com\/de\/wp-json\/wp\/v2\/product\/2594","targetHints":{"allow":["GET"]}}],"collection":[{"href":"https:\/\/www.kranjcictruffles.com\/de\/wp-json\/wp\/v2\/product"}],"about":[{"href":"https:\/\/www.kranjcictruffles.com\/de\/wp-json\/wp\/v2\/types\/product"}],"wp:featuredmedia":[{"embeddable":true,"href":"https:\/\/www.kranjcictruffles.com\/de\/wp-json\/wp\/v2\/media\/2603"}],"wp:attachment":[{"href":"https:\/\/www.kranjcictruffles.com\/de\/wp-json\/wp\/v2\/media?parent=2594"}],"wp:term":[{"taxonomy":"product_cat","embeddable":true,"href":"https:\/\/www.kranjcictruffles.com\/de\/wp-json\/wp\/v2\/product_cat?post=2594"},{"taxonomy":"product_tag","embeddable":true,"href":"https:\/\/www.kranjcictruffles.com\/de\/wp-json\/wp\/v2\/product_tag?post=2594"}],"curies":[{"name":"wp","href":"https:\/\/api.w.org\/{rel}","templated":true}]}}