{"id":2695,"date":"2024-09-16T07:56:47","date_gmt":"2024-09-16T07:56:47","guid":{"rendered":"https:\/\/www.kranjcictruffles.com\/proizvod\/trio-geschenkpackung\/"},"modified":"2024-12-05T13:48:02","modified_gmt":"2024-12-05T13:48:02","slug":"trio-geschenkpackung","status":"publish","type":"product","link":"https:\/\/www.kranjcictruffles.com\/de\/produkt\/trio-geschenkpackung\/","title":{"rendered":"Trio-Geschenkpackung"},"content":{"rendered":"","protected":false},"excerpt":{"rendered":"<p>Tartufata 30 g, wei\u00dfe Tartufata 30 g, wei\u00dfen Tr\u00fcffelcreme 30 g.<\/p>\n","protected":false},"featured_media":2696,"template":"","meta":{"slim_seo":[]},"product_cat":[91],"product_tag":[],"class_list":{"0":"post-2695","1":"product","2":"type-product","3":"status-publish","4":"has-post-thumbnail","6":"product_cat-geschenkpakete","8":"first","9":"instock","10":"shipping-taxable","11":"product-type-simple"},"_links":{"self":[{"href":"https:\/\/www.kranjcictruffles.com\/de\/wp-json\/wp\/v2\/product\/2695","targetHints":{"allow":["GET"]}}],"collection":[{"href":"https:\/\/www.kranjcictruffles.com\/de\/wp-json\/wp\/v2\/product"}],"about":[{"href":"https:\/\/www.kranjcictruffles.com\/de\/wp-json\/wp\/v2\/types\/product"}],"wp:featuredmedia":[{"embeddable":true,"href":"https:\/\/www.kranjcictruffles.com\/de\/wp-json\/wp\/v2\/media\/2696"}],"wp:attachment":[{"href":"https:\/\/www.kranjcictruffles.com\/de\/wp-json\/wp\/v2\/media?parent=2695"}],"wp:term":[{"taxonomy":"product_cat","embeddable":true,"href":"https:\/\/www.kranjcictruffles.com\/de\/wp-json\/wp\/v2\/product_cat?post=2695"},{"taxonomy":"product_tag","embeddable":true,"href":"https:\/\/www.kranjcictruffles.com\/de\/wp-json\/wp\/v2\/product_tag?post=2695"}],"curies":[{"name":"wp","href":"https:\/\/api.w.org\/{rel}","templated":true}]}}