{"id":2701,"date":"2024-09-16T07:39:56","date_gmt":"2024-09-16T07:39:56","guid":{"rendered":"https:\/\/www.kranjcictruffles.com\/proizvod\/extra-geschenkpackung\/"},"modified":"2024-09-16T07:39:56","modified_gmt":"2024-09-16T07:39:56","slug":"extra-geschenkpackung","status":"publish","type":"product","link":"https:\/\/www.kranjcictruffles.com\/de\/produkt\/extra-geschenkpackung\/","title":{"rendered":"Extra Geschenkpackung"},"content":{"rendered":"","protected":false},"excerpt":{"rendered":"<p>Tartufata 30 g, wei\u00dfe Tartufata 30 g, wei\u00dfen Tr\u00fcffelncreme 30 g, Salz mit wei\u00dfen Tr\u00fcffeln 30 g, Oliven\u00f6l mit wei\u00dfen Tr\u00fcffeln 100 ml.<\/p>\n","protected":false},"featured_media":2702,"template":"","meta":{"slim_seo":[]},"product_cat":[91],"product_tag":[],"class_list":{"0":"post-2701","1":"product","2":"type-product","3":"status-publish","4":"has-post-thumbnail","6":"product_cat-geschenkpakete","8":"first","9":"instock","10":"shipping-taxable","11":"product-type-simple"},"_links":{"self":[{"href":"https:\/\/www.kranjcictruffles.com\/de\/wp-json\/wp\/v2\/product\/2701","targetHints":{"allow":["GET"]}}],"collection":[{"href":"https:\/\/www.kranjcictruffles.com\/de\/wp-json\/wp\/v2\/product"}],"about":[{"href":"https:\/\/www.kranjcictruffles.com\/de\/wp-json\/wp\/v2\/types\/product"}],"wp:featuredmedia":[{"embeddable":true,"href":"https:\/\/www.kranjcictruffles.com\/de\/wp-json\/wp\/v2\/media\/2702"}],"wp:attachment":[{"href":"https:\/\/www.kranjcictruffles.com\/de\/wp-json\/wp\/v2\/media?parent=2701"}],"wp:term":[{"taxonomy":"product_cat","embeddable":true,"href":"https:\/\/www.kranjcictruffles.com\/de\/wp-json\/wp\/v2\/product_cat?post=2701"},{"taxonomy":"product_tag","embeddable":true,"href":"https:\/\/www.kranjcictruffles.com\/de\/wp-json\/wp\/v2\/product_tag?post=2701"}],"curies":[{"name":"wp","href":"https:\/\/api.w.org\/{rel}","templated":true}]}}