{"id":2368,"date":"2024-09-12T11:11:26","date_gmt":"2024-09-12T11:11:26","guid":{"rendered":"https:\/\/www.kranjcictruffles.com\/about-us\/"},"modified":"2024-12-02T11:46:26","modified_gmt":"2024-12-02T11:46:26","slug":"about-us","status":"publish","type":"page","link":"https:\/\/www.kranjcictruffles.com\/en\/about-us\/","title":{"rendered":"About Us"},"content":{"rendered":"\t\t<div data-elementor-type=\"wp-page\" data-elementor-id=\"2368\" class=\"elementor elementor-2368 elementor-21\" data-elementor-post-type=\"page\">\n\t\t\t\t<div class=\"elementor-element elementor-element-ffc5134 e-flex e-con-boxed e-con e-parent\" data-id=\"ffc5134\" data-element_type=\"container\" data-settings=\"{&quot;background_background&quot;:&quot;classic&quot;}\">\n\t\t\t\t\t<div class=\"e-con-inner\">\n\t\t<div class=\"elementor-element elementor-element-6e68430 e-con-full e-flex elementor-invisible e-con e-child\" data-id=\"6e68430\" data-element_type=\"container\" data-settings=\"{&quot;animation&quot;:&quot;fadeIn&quot;}\">\n\t\t\t\t<div class=\"elementor-element elementor-element-17b2530 elementor-invisible elementor-widget elementor-widget-heading\" data-id=\"17b2530\" data-element_type=\"widget\" data-settings=\"{&quot;_animation&quot;:&quot;fadeInUp&quot;}\" data-widget_type=\"heading.default\">\n\t\t\t\t<div class=\"elementor-widget-container\">\n\t\t\t<h2 class=\"elementor-heading-title elementor-size-default\">The centuries-old tradition of the Kranj\u010di\u0107 family<\/h2>\t\t<\/div>\n\t\t\t\t<\/div>\n\t\t\t\t<div class=\"elementor-element elementor-element-0b4cc59 elementor-invisible elementor-widget elementor-widget-text-editor\" data-id=\"0b4cc59\" data-element_type=\"widget\" data-settings=\"{&quot;_animation&quot;:&quot;fadeInUp&quot;}\" data-widget_type=\"text-editor.default\">\n\t\t\t\t<div class=\"elementor-widget-container\">\n\t\t\t\t\t\t\tAt the heart of <strong>Istria<\/strong>, in the small village of <em>Senj<\/em>, the <strong>Kranj\u010di\u0107<\/strong> family have been living and working for decades. The family have been engaged in agriculture: viticulture, olive growing and animal husbandry \u2013 for a very long time. Their love of the land has been passed down from generation to generation, to this very day, when the youngest generations have adopted it.\r\n\r\nTheir connection with truffles dates back to the interwar period, as far back as <strong>1921<\/strong>, when great-grandfather Ivan stumbled upon truffles when ploughing the field next to a large oak tree by the stream. There was no truffles market in those days, so they ended up as \u201cdessert\u201d for the pigs. In the mid-1950s, Ivan (Zvane) trained his dog Bobi and went on his first truffle hunt. His son Nevio has been taking part in the hunt since he was a little boy. Twenty years later he started buying and exporting these \u201cIstrian gems\u201d abroad. Nevio has passed down his love and knowledge of truffles to his two sons. Today, Deni and Mikele help their father with truffle hunting, purchasing, processing and trading, thus providing fresh truffles and the finest truffle products all year round. This way, they are carrying on the long-standing family tradition.\t\t\t\t\t\t<\/div>\n\t\t\t\t<\/div>\n\t\t\t\t<div class=\"elementor-element elementor-element-7bca6eb elementor-invisible elementor-widget elementor-widget-gallery\" data-id=\"7bca6eb\" data-element_type=\"widget\" data-settings=\"{&quot;gallery_layout&quot;:&quot;masonry&quot;,&quot;columns&quot;:3,&quot;gap&quot;:{&quot;unit&quot;:&quot;px&quot;,&quot;size&quot;:30,&quot;sizes&quot;:[]},&quot;_animation&quot;:&quot;fadeInUp&quot;,&quot;columns_tablet&quot;:2,&quot;columns_mobile&quot;:1,&quot;gap_tablet&quot;:{&quot;unit&quot;:&quot;px&quot;,&quot;size&quot;:10,&quot;sizes&quot;:[]},&quot;gap_mobile&quot;:{&quot;unit&quot;:&quot;px&quot;,&quot;size&quot;:10,&quot;sizes&quot;:[]},&quot;link_to&quot;:&quot;file&quot;,&quot;overlay_background&quot;:&quot;yes&quot;,&quot;content_hover_animation&quot;:&quot;fade-in&quot;}\" data-widget_type=\"gallery.default\">\n\t\t\t\t<div class=\"elementor-widget-container\">\n\t\t\t\t\t<div class=\"elementor-gallery__container\">\n\t\t\t\t\t\t\t<a class=\"e-gallery-item elementor-gallery-item elementor-animated-content\" href=\"https:\/\/www.kranjcictruffles.com\/wp-content\/uploads\/2024\/10\/1.jpg\" data-elementor-open-lightbox=\"yes\" data-elementor-lightbox-slideshow=\"7bca6eb\" data-e-action-hash=\"#elementor-action%3Aaction%3Dlightbox%26settings%3DeyJpZCI6MTE1MiwidXJsIjoiaHR0cHM6XC9cL3d3dy5rcmFuamNpY3RydWZmbGVzLmNvbVwvd3AtY29udGVudFwvdXBsb2Fkc1wvMjAyNFwvMTBcLzEuanBnIiwic2xpZGVzaG93IjoiN2JjYTZlYiJ9\">\n\t\t\t\t\t<div class=\"e-gallery-image elementor-gallery-item__image\" data-thumbnail=\"https:\/\/www.kranjcictruffles.com\/wp-content\/uploads\/2024\/10\/1.jpg\" data-width=\"1026\" data-height=\"766\" aria-label=\"\" role=\"img\" ><\/div>\n\t\t\t\t\t\t\t\t\t\t\t<div class=\"elementor-gallery-item__overlay\"><\/div>\n\t\t\t\t\t\t\t\t\t\t\t\t\t\t<\/a>\n\t\t\t\t\t\t\t<a class=\"e-gallery-item elementor-gallery-item elementor-animated-content\" href=\"https:\/\/www.kranjcictruffles.com\/wp-content\/uploads\/2024\/10\/2.jpg\" data-elementor-open-lightbox=\"yes\" data-elementor-lightbox-slideshow=\"7bca6eb\" data-e-action-hash=\"#elementor-action%3Aaction%3Dlightbox%26settings%3DeyJpZCI6MTE1MywidXJsIjoiaHR0cHM6XC9cL3d3dy5rcmFuamNpY3RydWZmbGVzLmNvbVwvd3AtY29udGVudFwvdXBsb2Fkc1wvMjAyNFwvMTBcLzIuanBnIiwic2xpZGVzaG93IjoiN2JjYTZlYiJ9\">\n\t\t\t\t\t<div class=\"e-gallery-image elementor-gallery-item__image\" data-thumbnail=\"https:\/\/www.kranjcictruffles.com\/wp-content\/uploads\/2024\/10\/2.jpg\" data-width=\"999\" data-height=\"1296\" aria-label=\"\" role=\"img\" ><\/div>\n\t\t\t\t\t\t\t\t\t\t\t<div class=\"elementor-gallery-item__overlay\"><\/div>\n\t\t\t\t\t\t\t\t\t\t\t\t\t\t<\/a>\n\t\t\t\t\t\t\t<a class=\"e-gallery-item elementor-gallery-item elementor-animated-content\" href=\"https:\/\/www.kranjcictruffles.com\/wp-content\/uploads\/2024\/10\/4-1.jpg\" data-elementor-open-lightbox=\"yes\" data-elementor-lightbox-slideshow=\"7bca6eb\" data-e-action-hash=\"#elementor-action%3Aaction%3Dlightbox%26settings%3DeyJpZCI6MTE1NCwidXJsIjoiaHR0cHM6XC9cL3d3dy5rcmFuamNpY3RydWZmbGVzLmNvbVwvd3AtY29udGVudFwvdXBsb2Fkc1wvMjAyNFwvMTBcLzQtMS5qcGciLCJzbGlkZXNob3ciOiI3YmNhNmViIn0%3D\">\n\t\t\t\t\t<div class=\"e-gallery-image elementor-gallery-item__image\" data-thumbnail=\"https:\/\/www.kranjcictruffles.com\/wp-content\/uploads\/2024\/10\/4-1.jpg\" data-width=\"1023\" data-height=\"1479\" aria-label=\"\" role=\"img\" ><\/div>\n\t\t\t\t\t\t\t\t\t\t\t<div class=\"elementor-gallery-item__overlay\"><\/div>\n\t\t\t\t\t\t\t\t\t\t\t\t\t\t<\/a>\n\t\t\t\t\t\t\t<a class=\"e-gallery-item elementor-gallery-item elementor-animated-content\" href=\"https:\/\/www.kranjcictruffles.com\/wp-content\/uploads\/2024\/10\/3.jpg\" data-elementor-open-lightbox=\"yes\" data-elementor-lightbox-slideshow=\"7bca6eb\" data-e-action-hash=\"#elementor-action%3Aaction%3Dlightbox%26settings%3DeyJpZCI6MTE1NSwidXJsIjoiaHR0cHM6XC9cL3d3dy5rcmFuamNpY3RydWZmbGVzLmNvbVwvd3AtY29udGVudFwvdXBsb2Fkc1wvMjAyNFwvMTBcLzMuanBnIiwic2xpZGVzaG93IjoiN2JjYTZlYiJ9\">\n\t\t\t\t\t<div class=\"e-gallery-image elementor-gallery-item__image\" data-thumbnail=\"https:\/\/www.kranjcictruffles.com\/wp-content\/uploads\/2024\/10\/3.jpg\" data-width=\"1290\" data-height=\"841\" aria-label=\"\" role=\"img\" ><\/div>\n\t\t\t\t\t\t\t\t\t\t\t<div class=\"elementor-gallery-item__overlay\"><\/div>\n\t\t\t\t\t\t\t\t\t\t\t\t\t\t<\/a>\n\t\t\t\t\t\t\t<a class=\"e-gallery-item elementor-gallery-item elementor-animated-content\" href=\"https:\/\/www.kranjcictruffles.com\/wp-content\/uploads\/2024\/10\/5-2.jpg\" data-elementor-open-lightbox=\"yes\" data-elementor-lightbox-slideshow=\"7bca6eb\" data-e-action-hash=\"#elementor-action%3Aaction%3Dlightbox%26settings%3DeyJpZCI6MTM1NSwidXJsIjoiaHR0cHM6XC9cL3d3dy5rcmFuamNpY3RydWZmbGVzLmNvbVwvd3AtY29udGVudFwvdXBsb2Fkc1wvMjAyNFwvMTBcLzUtMi5qcGciLCJzbGlkZXNob3ciOiI3YmNhNmViIn0%3D\">\n\t\t\t\t\t<div class=\"e-gallery-image elementor-gallery-item__image\" data-thumbnail=\"https:\/\/www.kranjcictruffles.com\/wp-content\/uploads\/2024\/10\/5-2.jpg\" data-width=\"1290\" data-height=\"699\" aria-label=\"\" role=\"img\" ><\/div>\n\t\t\t\t\t\t\t\t\t\t\t<div class=\"elementor-gallery-item__overlay\"><\/div>\n\t\t\t\t\t\t\t\t\t\t\t\t\t\t<\/a>\n\t\t\t\t\t<\/div>\n\t\t\t<\/div>\n\t\t\t\t<\/div>\n\t\t\t\t<\/div>\n\t\t\t\t\t<\/div>\n\t\t\t\t<\/div>\n\t\t\t\t<\/div>\n\t\t","protected":false},"excerpt":{"rendered":"<p>The centuries-old tradition of the Kranj\u010di\u0107 family At the heart of Istria, in the small village of Senj, the Kranj\u010di\u0107 family have been living and working for decades. The family have been engaged in agriculture: viticulture, olive growing and animal husbandry \u2013 for a very long time. Their love of the land has been passed [&hellip;]<\/p>\n","protected":false},"author":1,"featured_media":0,"parent":0,"menu_order":0,"comment_status":"closed","ping_status":"closed","template":"","meta":{"slim_seo":[],"footnotes":""},"class_list":["post-2368","page","type-page","status-publish","hentry"],"blocksy_meta":{"page_structure_type":"default","styles_descriptor":{"styles":{"desktop":"","tablet":"","mobile":""},"google_fonts":[],"version":6},"has_hero_section":"disabled","vertical_spacing_source":"custom","content_area_spacing":"none"},"_links":{"self":[{"href":"https:\/\/www.kranjcictruffles.com\/en\/wp-json\/wp\/v2\/pages\/2368","targetHints":{"allow":["GET"]}}],"collection":[{"href":"https:\/\/www.kranjcictruffles.com\/en\/wp-json\/wp\/v2\/pages"}],"about":[{"href":"https:\/\/www.kranjcictruffles.com\/en\/wp-json\/wp\/v2\/types\/page"}],"author":[{"embeddable":true,"href":"https:\/\/www.kranjcictruffles.com\/en\/wp-json\/wp\/v2\/users\/1"}],"replies":[{"embeddable":true,"href":"https:\/\/www.kranjcictruffles.com\/en\/wp-json\/wp\/v2\/comments?post=2368"}],"version-history":[{"count":1,"href":"https:\/\/www.kranjcictruffles.com\/en\/wp-json\/wp\/v2\/pages\/2368\/revisions"}],"predecessor-version":[{"id":2369,"href":"https:\/\/www.kranjcictruffles.com\/en\/wp-json\/wp\/v2\/pages\/2368\/revisions\/2369"}],"wp:attachment":[{"href":"https:\/\/www.kranjcictruffles.com\/en\/wp-json\/wp\/v2\/media?parent=2368"}],"curies":[{"name":"wp","href":"https:\/\/api.w.org\/{rel}","templated":true}]}}